{"id":95,"date":"2024-12-18T13:25:15","date_gmt":"2024-12-18T17:25:15","guid":{"rendered":"https:\/\/voicecenterpr.com\/?page_id=95"},"modified":"2025-02-11T11:10:41","modified_gmt":"2025-02-11T15:10:41","slug":"el-centro","status":"publish","type":"page","link":"https:\/\/voicecenterpr.com\/es\/el-centro\/","title":{"rendered":"El Centro"},"content":{"rendered":"<div class=\"wpb-content-wrapper\"><p>[vc_section full_width=\u00bbstretch_row\u00bb parallax=\u00bbcontent-moving\u00bb parallax_image=\u00bb242&#8243; css=\u00bb.vc_custom_1735249017740{margin-top: 0px !important;padding-top: 0px !important;background-color: #FFFFFF !important;}\u00bb][vc_row full_width=\u00bbstretch_row\u00bb][vc_column]\n\t\t\t\t<p class=\"rs-p-wp-fix\"><\/p>\n\t\t\t\t<sr7-module data-alias=\"slider-1\" data-id=\"1\" id=\"SR7_1_1\" class=\"rs-ov-hidden\" data-version=\"6.7.23\">\n\t\t\t\t\t<sr7-adjuster><\/sr7-adjuster>\n\t\t\t\t\t<sr7-content>\n\t\t\t\t\t\t<sr7-slide id=\"SR7_1_1-1\" data-key=\"1\">\n\t\t\t\t\t\t<\/sr7-slide>\n\t\t\t\t\t\t<sr7-slide id=\"SR7_1_1-2\" data-key=\"2\">\n\t\t\t\t\t\t<\/sr7-slide>\n\t\t\t\t\t<\/sr7-content>\n\t\t\t\t<\/sr7-module>\n\t\t\t\t<script>\n\t\t\t\t\tSR7.PMH ??={}; SR7.PMH[\"SR7_1_1\"] = {cn:100,state:false,fn: function() { if (_tpt!==undefined && _tpt.prepareModuleHeight !== undefined) {  _tpt.prepareModuleHeight({id:\"SR7_1_1\",el:[900,900,768,960,720],type:'standard',shdw:'0',gh:[900,900,743,565,349],gw:[1240,1240,1024,778,480],vpt:['-100px'],size:{fullWidth:true, fullHeight:false},mh:'0',onh:0,onw:0,bg:{color:'{\"orig\":\"transparent\",\"type\":\"solid\",\"string\":\"transparent\"}'}});   SR7.PMH[\"SR7_1_1\"].state=true;} else if(SR7.PMH[\"SR7_1_1\"].cn-->0)\tsetTimeout( SR7.PMH[\"SR7_1_1\"].fn,19);}};SR7.PMH[\"SR7_1_1\" ].fn();\n\t\t\t\t<\/script>\n[\/vc_column][\/vc_row][vc_row full_width=\u00bbstretch_row\u00bb disable_element=\u00bbyes\u00bb][vc_column][vc_column_text css=\u00bb\u00bb]<\/p>\n<h2>El Centro<\/h2>\n<h4>L\u00edderes en el cuidado de la voz, el tragado y el tratamiento del c\u00e1ncer de cabeza y cuello<\/h4>\n<p>[\/vc_column_text][vc_column_text css=\u00bb\u00bb el_class=\u00bbvideo-1 video-rounded\u00bb]<\/p>\n<div style=\"width: 1920px;\" class=\"wp-video\"><video class=\"wp-video-shortcode\" id=\"video-95-1\" width=\"1920\" height=\"1080\" preload=\"metadata\" controls=\"controls\"><source type=\"video\/mp4\" src=\"https:\/\/voicecenterpr.com\/wp-content\/uploads\/2024\/12\/CVT-Tratamientos-Cirugia-Robotica-Transoral.mp4?_=1\" \/><a href=\"https:\/\/voicecenterpr.com\/wp-content\/uploads\/2024\/12\/CVT-Tratamientos-Cirugia-Robotica-Transoral.mp4\">https:\/\/voicecenterpr.com\/wp-content\/uploads\/2024\/12\/CVT-Tratamientos-Cirugia-Robotica-Transoral.mp4<\/a><\/video><\/div>\n<p>[\/vc_column_text][\/vc_column][\/vc_row][vc_row full_width=\u00bbstretch_row\u00bb equal_height=\u00bbyes\u00bb el_class=\u00bbvision-cards-row-1&#8243;][vc_column width=\u00bb1\/2&#8243;][vc_column_text css=\u00bb\u00bb el_class=\u00bbicon-card-1 treatment-card-1&#8243;]<\/p>\n<div class=\"card-header\">\n<p><img decoding=\"async\" style=\"max-width: 100px;\" src=\"\/wp-content\/uploads\/2024\/12\/vision1.svg\" alt=\"icon\" \/><\/p>\n<h3>Visi\u00f3n<\/h3>\n<\/div>\n<p>Ser el centro l\u00edder en Puerto Rico en el tratamiento y rehabilitaci\u00f3n de la voz y tragado, ofreciendo atenci\u00f3n especializada y utilizando tecnolog\u00eda avanzada para mejorar la calidad de vida de nuestros pacientes.[\/vc_column_text][\/vc_column][vc_column width=\u00bb1\/2&#8243;][vc_column_text css=\u00bb\u00bb el_class=\u00bbicon-card-1 treatment-card-1&#8243;]<\/p>\n<div class=\"card-header\">\n<p><img decoding=\"async\" style=\"max-width: 100px;\" src=\"\/wp-content\/uploads\/2024\/12\/mission.svg\" alt=\"icon\" \/><\/p>\n<h3>Misi\u00f3n<\/h3>\n<\/div>\n<p>Brindar atenci\u00f3n de excelencia en la rehabilitaci\u00f3n vocal y de tragado, mediante un enfoque integral, especializado y personalizado, para ayudar a nuestros pacientes a recuperar su bienestar y calidad de vida en su entorno personal y profesional.[\/vc_column_text][\/vc_column][\/vc_row][vc_row full_width=\u00bbstretch_row\u00bb gap=\u00bb35&#8243; equal_height=\u00bbyes\u00bb el_class=\u00bbbeneficios-row\u00bb][vc_column width=\u00bb1\/2&#8243;][vc_column_text css=\u00bb\u00bb]<\/p>\n<h2>Beneficios<\/h2>\n<h4>Especializaci\u00f3n, innovaci\u00f3n y salud<\/h4>\n<p>Nuestro centro ofrece tecnolog\u00eda avanzada y especializaci\u00f3n en el diagn\u00f3stico, tratamiento y rehabilitaci\u00f3n de trastornos de la voz y tragado. Contamos con un equipo altamente capacitado que brinda atenci\u00f3n personalizada en un entorno de apoyo. Utilizamos t\u00e9cnicas y equipos de vanguardia para mejorar la funci\u00f3n vocal y la calidad de vida de nuestros pacientes, enfoc\u00e1ndonos en resultados tanto funcionales como est\u00e9ticos, para ayudarles a recuperar la confianza y mejorar sus habilidades comunicativas.[\/vc_column_text][vc_column_text css=\u00bb\u00bb el_class=\u00bbbutton-01&#8243;]<a href=\"https:\/\/voicecenterpr.com\/es\/contactanos\/\">Solicita una consulta<\/a>[\/vc_column_text][\/vc_column][vc_column width=\u00bb1\/2&#8243;][vc_single_image image=\u00bb86&#8243; img_size=\u00bbfull\u00bb alignment=\u00bbcenter\u00bb css=\u00bb\u00bb][\/vc_column][\/vc_row][\/vc_section][vc_section full_width=\u00bbstretch_row_content\u00bb css=\u00bb.vc_custom_1734724911948{margin-top: 0px !important;margin-bottom: 0px !important;padding-top: 0px !important;padding-bottom: 0px !important;background-color: #FFFFFF !important;background-position: center !important;background-repeat: no-repeat !important;background-size: cover !important;}\u00bb][\/vc_section][vc_section full_width=\u00bbstretch_row_content\u00bb disable_element=\u00bbyes\u00bb css=\u00bb.vc_custom_1735247617681{margin-top: 0px !important;margin-bottom: 0px !important;padding-top: 0px !important;padding-bottom: 0px !important;background-color: #FFFFFF !important;background-position: center !important;background-repeat: no-repeat !important;background-size: cover !important;}\u00bb el_class=\u00bbhideme\u00bb][vc_row full_width=\u00bbstretch_row\u00bb el_class=\u00bbfull-video-row-1&#8243;][vc_column][vc_raw_html css=\u00bb\u00bb]JTIwJTIwJTNDdmlkZW8lMjBhdXRvcGxheSUyMGxvb3AlMjBtdXRlZCUyMHBsYXlzaW5saW5lJTIwJTNFJTBEJTBBJTIwJTIwJTIwJTIwJTNDc291cmNlJTIwc3JjJTNEJTIyJTJGd3AtY29udGVudCUyRnVwbG9hZHMlMkYyMDI0JTJGMTIlMkZDVlRQUl9kZW1vLWxvb3Aud2VibSUyMiUyMHR5cGUlM0QlMjJ2aWRlbyUyRndlYm0lMjIlM0UlMEQlMEElMjAlMjAlMjAlMjBZb3VyJTIwYnJvd3NlciUyMGRvZXMlMjBub3QlMjBzdXBwb3J0JTIwdGhlJTIwdmlkZW8lMjB0YWcuJTBEJTBBJTIwJTIwJTNDJTJGdmlkZW8lM0U=[\/vc_raw_html][vc_column_text css=\u00bb\u00bb]<\/p>\n<h1>El Centro<\/h1>\n<p>L\u00edderes en el cuidado de la voz, el tragado y el tratamiento del c\u00e1ncer de cabeza y cuello[\/vc_column_text][\/vc_column][\/vc_row][\/vc_section][vc_section full_width=\u00bbstretch_row\u00bb css=\u00bb.vc_custom_1734713681347{margin-top: 0px !important;margin-bottom: 0px !important;padding-top: 0px !important;padding-bottom: 0px !important;background-color: #52AAEA !important;}\u00bb][vc_row full_width=\u00bbstretch_row\u00bb gap=\u00bb35&#8243; css=\u00bb.vc_custom_1734622978912{background-color: #51AAE9 !important;}\u00bb el_class=\u00bblogos-row\u00bb][vc_column width=\u00bb1\/6&#8243;][vc_single_image image=\u00bb259&#8243; img_size=\u00bbfull\u00bb alignment=\u00bbcenter\u00bb css=\u00bb\u00bb][\/vc_column][vc_column width=\u00bb1\/6&#8243;][vc_single_image image=\u00bb267&#8243; img_size=\u00bbfull\u00bb alignment=\u00bbcenter\u00bb css=\u00bb\u00bb][\/vc_column][vc_column width=\u00bb1\/6&#8243;][vc_single_image image=\u00bb265&#8243; img_size=\u00bbfull\u00bb alignment=\u00bbcenter\u00bb css=\u00bb\u00bb][\/vc_column][vc_column width=\u00bb1\/6&#8243;][vc_single_image image=\u00bb263&#8243; img_size=\u00bbfull\u00bb alignment=\u00bbcenter\u00bb css=\u00bb\u00bb][\/vc_column][vc_column width=\u00bb1\/6&#8243;][vc_single_image image=\u00bb261&#8243; img_size=\u00bbfull\u00bb alignment=\u00bbcenter\u00bb css=\u00bb\u00bb][\/vc_column][vc_column width=\u00bb1\/6&#8243;][vc_single_image image=\u00bb269&#8243; img_size=\u00bbfull\u00bb alignment=\u00bbcenter\u00bb css=\u00bb\u00bb][\/vc_column][\/vc_row][\/vc_section][vc_section full_width=\u00bbstretch_row\u00bb el_id=\u00bbequipo\u00bb][vc_row full_width=\u00bbstretch_row\u00bb][vc_column][vc_column_text css=\u00bb\u00bb]<\/p>\n<h2 style=\"text-align: center;\">Equipo de expertos<\/h2>\n<p>[\/vc_column_text][\/vc_column][\/vc_row][vc_row full_width=\u00bbstretch_row\u00bb gap=\u00bb35&#8243; el_class=\u00bbteam-card-row-1&#8243; el_id=\u00bbdrgiraldez\u00bb][vc_column width=\u00bb1\/6&#8243;][\/vc_column][vc_column width=\u00bb2\/3&#8243;][vc_column_text css=\u00bb\u00bb el_class=\u00bbteam-card-1 team-image laureano\u00bb]<img decoding=\"async\" style=\"max-width: 400px;\" src=\"\/wp-content\/uploads\/2024\/12\/dr-laureano.jpg\" alt=\"dr laureano\" \/><\/p>\n<h5 style=\"text-align: center;\"><a href=\"https:\/\/voicecenterpr.com\/es\/el-centro\/dr-laureano-giraldez-rodriguez\/\">Dr. Laureano Gir\u00e1ldez Rodr\u00edguez, MD FACS<\/a><\/h5>\n<p style=\"text-align: center;\">Experto en Otorrinolaringolog\u00eda y Cirug\u00eda de Cabeza y Cuello<\/p>\n<p>[\/vc_column_text][\/vc_column][vc_column width=\u00bb1\/6&#8243;][\/vc_column][\/vc_row][vc_row full_width=\u00bbstretch_row\u00bb][vc_column][vc_column_text css=\u00bb\u00bb]<\/p>\n<h2 style=\"text-align: center;\">Asistentes<\/h2>\n<p>[\/vc_column_text][\/vc_column][\/vc_row][vc_row full_width=\u00bbstretch_row\u00bb gap=\u00bb35&#8243; el_class=\u00bbteam-card-row-1&#8243;][vc_column width=\u00bb1\/4&#8243;][vc_column_text css=\u00bb\u00bb el_class=\u00bbteam-card-1 team-image maydee\u00bb]<img decoding=\"async\" style=\"max-width: 400px;\" src=\"\/wp-content\/uploads\/2024\/12\/MAYDEE.jpg\" alt=\"dr laureano\" \/><\/p>\n<h5 style=\"text-align: center;\"><a class=\"no-link\" href=\"#\">Maydee Berr\u00edos<\/a><\/h5>\n<p style=\"text-align: center;\">T\u00e9cnica Quir\u00fargica<\/p>\n<p>[\/vc_column_text][\/vc_column][vc_column width=\u00bb1\/4&#8243;][vc_column_text css=\u00bb\u00bb el_class=\u00bbteam-card-1 team-image berry\u00bb]<img decoding=\"async\" style=\"max-width: 400px;\" src=\"\/wp-content\/uploads\/2024\/12\/DAVID.jpg\" alt=\"dr laureano\" \/><\/p>\n<h5 style=\"text-align: center;\"><a class=\"no-link\" href=\"#\">David Berry<\/a><\/h5>\n<p style=\"text-align: center;\">T\u00e9cnico Radiol\u00f3gico<\/p>\n<p>[\/vc_column_text][\/vc_column][vc_column width=\u00bb1\/4&#8243;][vc_column_text css=\u00bb\u00bb el_class=\u00bbteam-card-1 team-image laureano ary\u00bb]<img decoding=\"async\" style=\"max-width: 400px;\" src=\"\/wp-content\/uploads\/2024\/12\/ARY-PONCE.jpg\" alt=\"dr laureano\" \/><\/p>\n<h5 style=\"text-align: center;\"><a class=\"no-link\" href=\"#\">Ary Ponce<\/a><\/h5>\n<p style=\"text-align: center;\">Asistente de Oficina<\/p>\n<p>[\/vc_column_text][\/vc_column][vc_column width=\u00bb1\/4&#8243;][vc_column_text css=\u00bb\u00bb el_class=\u00bbteam-card-1 team-image laureano ailyn\u00bb]<img decoding=\"async\" style=\"max-width: 400px;\" src=\"\/wp-content\/uploads\/2024\/12\/AYLIN.jpg\" alt=\"dr laureano\" \/><\/p>\n<h5 style=\"text-align: center;\"><a class=\"no-link\" href=\"#\">Ailyn Alicea<\/a><\/h5>\n<p style=\"text-align: center;\">Asistente de Oficina<\/p>\n<p>[\/vc_column_text][\/vc_column][\/vc_row][vc_row full_width=\u00bbstretch_row\u00bb][vc_column][vc_column_text css=\u00bb\u00bb]<\/p>\n<h2 style=\"text-align: center;\">Pat\u00f3logos del habla y lenguaje<\/h2>\n<p>[\/vc_column_text][\/vc_column][\/vc_row][vc_row full_width=\u00bbstretch_row\u00bb gap=\u00bb35&#8243; el_class=\u00bbteam-card-row-1&#8243;][vc_column width=\u00bb1\/4&#8243;][vc_column_text css=\u00bb\u00bb el_class=\u00bbteam-card-1 team-image amparito\u00bb]<img decoding=\"async\" style=\"max-width: 400px;\" src=\"\/wp-content\/uploads\/2024\/12\/amparito.jpg\" alt=\"dr laureano\" \/><\/p>\n<h5 style=\"text-align: center;\"><a href=\"\/es\/el-centro\/amparito-cortez-velez\/\">Amparito Cort\u00e9s V\u00e9lez, M.S., CCC-SLP<\/a><\/h5>\n<p style=\"text-align: center;\">Licenciada en Patolog\u00eda del Habla y Lenguaje, con formaci\u00f3n especializada en vocolog\u00eda<\/p>\n<p>[\/vc_column_text][\/vc_column][vc_column width=\u00bb1\/4&#8243;][vc_column_text css=\u00bb\u00bb el_class=\u00bbteam-card-1 team-image mariel\u00bb]<img decoding=\"async\" style=\"max-width: 400px;\" src=\"\/wp-content\/uploads\/2024\/12\/MARYELLE.jpg\" alt=\"dr laureano\" \/><\/p>\n<h5 style=\"text-align: center;\"><a href=\"https:\/\/voicecenterpr.com\/es\/el-centro\/marielle-perez\/\">Marielle P\u00e9rez, M.S., CCC-SLP<\/a><\/h5>\n<p style=\"text-align: center;\">Licenciada en Patolog\u00eda del Habla y Lenguaje, con formaci\u00f3n especializada en trastornos de tragado<\/p>\n<p>[\/vc_column_text][\/vc_column][vc_column width=\u00bb1\/4&#8243;][vc_column_text css=\u00bb\u00bb el_class=\u00bbteam-card-1 team-image maria1&#8243;]<img decoding=\"async\" style=\"max-width: 400px;\" src=\"\/wp-content\/uploads\/2024\/12\/MARIA-DEL-MAR.jpg\" alt=\"dr laureano\" \/><\/p>\n<h5 style=\"text-align: center;\"><a href=\"https:\/\/voicecenterpr.com\/es\/el-centro\/maria-del-mar-diaz\/\">Mar\u00eda del Mar D\u00edaz, M.S., CCC-SLP<\/a><\/h5>\n<p style=\"text-align: center;\">Licenciada en Patolog\u00eda del Habla y Lenguaje, con formaci\u00f3n especializada en trastornos de tragado<\/p>\n<p>[\/vc_column_text][\/vc_column][vc_column width=\u00bb1\/4&#8243;][\/vc_column][\/vc_row][\/vc_section][vc_section full_width=\u00bbstretch_row\u00bb css=\u00bb.vc_custom_1734712024885{margin-top: 0px !important;margin-bottom: 0px !important;padding-top: 0px !important;padding-bottom: 0px !important;}\u00bb][vc_row full_width=\u00bbstretch_row\u00bb][vc_column]<div class=\"templatera_shortcode\"><style type=\"text\/css\" data-type=\"vc_shortcodes-custom-css\">.vc_custom_1734728863852{margin-top: 0px !important;margin-bottom: 0px !important;padding-top: 0px !important;padding-bottom: 0px !important;}.vc_custom_1734561089837{padding-top: 40px !important;padding-bottom: 60px !important;background-color: #255674 !important;}.vc_custom_1738070448938{margin-bottom: 80px !important;}<\/style><section data-vc-full-width=\"true\" data-vc-full-width-init=\"false\" class=\"vc_section vc_custom_1734728863852\"><div data-vc-full-width=\"true\" data-vc-full-width-init=\"false\" class=\"vc_row wpb_row vc_row-fluid basic-cta-1 vc_custom_1734561089837 vc_row-has-fill\"><div class=\"wpb_column vc_column_container vc_col-sm-1\"><div class=\"vc_column-inner\"><div class=\"wpb_wrapper\"><\/div><\/div><\/div><div class=\"white wpb_column vc_column_container vc_col-sm-10\"><div class=\"vc_column-inner\"><div class=\"wpb_wrapper\">\n\t<div class=\"wpb_text_column wpb_content_element vc_custom_1738070448938\" >\n\t\t<div class=\"wpb_wrapper\">\n\t\t\t<h4 style=\"text-align: center;\">Tu voz y tragado, nuestra prioridad<\/h4>\n<p style=\"text-align: center;\">En el Centro de Voz y Tragado de Puerto Rico, nos dedicamos a brindar un cuidado integral enfocado en la salud de tu voz y tu capacidad para tragar. Ofrecemos tratamientos especializados y atenci\u00f3n personalizada para cada necesidad.<\/p>\n\n\t\t<\/div>\n\t<\/div>\n\n\t<div class=\"wpb_text_column wpb_content_element button-01 alt-1\" >\n\t\t<div class=\"wpb_wrapper\">\n\t\t\t<p><a href=\"https:\/\/voicecenterpr.com\/es\/tratamientos\/\">Tratamientos<\/a><\/p>\n\n\t\t<\/div>\n\t<\/div>\n\n\t<div class=\"wpb_text_column wpb_content_element button-01\" >\n\t\t<div class=\"wpb_wrapper\">\n\t\t\t<p><a href=\"https:\/\/voicecenterpr.com\/es\/el-centro\/#expertos\">Especialistas<\/a><\/p>\n\n\t\t<\/div>\n\t<\/div>\n<\/div><\/div><\/div><div class=\"wpb_column vc_column_container vc_col-sm-1\"><div class=\"vc_column-inner\"><div class=\"wpb_wrapper\"><\/div><\/div><\/div><\/div><div class=\"vc_row-full-width vc_clearfix\"><\/div><\/section><div class=\"vc_row-full-width vc_clearfix\"><\/div><\/div>[\/vc_column][\/vc_row][\/vc_section]<\/p>\n<\/div>","protected":false},"excerpt":{"rendered":"Visi\u00f3n Ser el centro l\u00edder en Puerto Rico en el tratamiento y rehabilitaci\u00f3n de la voz y tragado, ofreciendo atenci\u00f3n [...]","protected":false},"author":1,"featured_media":0,"parent":0,"menu_order":0,"comment_status":"closed","ping_status":"closed","template":"","meta":{"_acf_changed":false,"inline_featured_image":false,"site-sidebar-layout":"no-sidebar","site-content-layout":"plain-container","ast-site-content-layout":"default","site-content-style":"default","site-sidebar-style":"default","ast-global-header-display":"","ast-banner-title-visibility":"","ast-main-header-display":"","ast-hfb-above-header-display":"","ast-hfb-below-header-display":"","ast-hfb-mobile-header-display":"","site-post-title":"disabled","ast-breadcrumbs-content":"","ast-featured-img":"disabled","footer-sml-layout":"","theme-transparent-header-meta":"default","adv-header-id-meta":"","stick-header-meta":"default","header-above-stick-meta":"","header-main-stick-meta":"","header-below-stick-meta":"","astra-migrate-meta-layouts":"set","ast-page-background-enabled":"default","ast-page-background-meta":{"desktop":{"background-color":"var(--ast-global-color-4)","background-image":"","background-repeat":"repeat","background-position":"center center","background-size":"auto","background-attachment":"scroll","background-type":"","background-media":"","overlay-type":"","overlay-color":"","overlay-opacity":"","overlay-gradient":""},"tablet":{"background-color":"","background-image":"","background-repeat":"repeat","background-position":"center center","background-size":"auto","background-attachment":"scroll","background-type":"","background-media":"","overlay-type":"","overlay-color":"","overlay-opacity":"","overlay-gradient":""},"mobile":{"background-color":"","background-image":"","background-repeat":"repeat","background-position":"center center","background-size":"auto","background-attachment":"scroll","background-type":"","background-media":"","overlay-type":"","overlay-color":"","overlay-opacity":"","overlay-gradient":""}},"ast-content-background-meta":{"desktop":{"background-color":"var(--ast-global-color-5)","background-image":"","background-repeat":"repeat","background-position":"center center","background-size":"auto","background-attachment":"scroll","background-type":"","background-media":"","overlay-type":"","overlay-color":"","overlay-opacity":"","overlay-gradient":""},"tablet":{"background-color":"var(--ast-global-color-5)","background-image":"","background-repeat":"repeat","background-position":"center center","background-size":"auto","background-attachment":"scroll","background-type":"","background-media":"","overlay-type":"","overlay-color":"","overlay-opacity":"","overlay-gradient":""},"mobile":{"background-color":"var(--ast-global-color-5)","background-image":"","background-repeat":"repeat","background-position":"center center","background-size":"auto","background-attachment":"scroll","background-type":"","background-media":"","overlay-type":"","overlay-color":"","overlay-opacity":"","overlay-gradient":""}},"footnotes":""},"class_list":["post-95","page","type-page","status-publish","hentry"],"acf":[],"yoast_head":"<!-- This site is optimized with the Yoast SEO Premium plugin v24.4 (Yoast SEO v25.3) - https:\/\/yoast.com\/wordpress\/plugins\/seo\/ -->\n<title>Cuidado avanzado para la voz y tragado en Puerto Rico<\/title>\n<meta name=\"description\" content=\"&quot; Centro l\u00edder especializado en rehabilitaci\u00f3n de voz y tragado equipado con expertos en la materia, tecnolog\u00eda avanzada y atenci\u00f3n personalizada&quot;\" \/>\n<meta name=\"robots\" content=\"index, follow, max-snippet:-1, max-image-preview:large, max-video-preview:-1\" \/>\n<link rel=\"canonical\" href=\"https:\/\/voicecenterpr.com\/es\/el-centro\/\" \/>\n<meta property=\"og:locale\" content=\"es_ES\" \/>\n<meta property=\"og:type\" content=\"article\" \/>\n<meta property=\"og:title\" content=\"El Centro\" \/>\n<meta property=\"og:description\" content=\"&quot; Centro l\u00edder especializado en rehabilitaci\u00f3n de voz y tragado equipado con expertos en la materia, tecnolog\u00eda avanzada y atenci\u00f3n personalizada&quot;\" \/>\n<meta property=\"og:url\" content=\"https:\/\/voicecenterpr.com\/es\/el-centro\/\" \/>\n<meta property=\"og:site_name\" content=\"The Voice and Swallowing Center of Puerto Rico\" \/>\n<meta property=\"article:modified_time\" content=\"2025-02-11T15:10:41+00:00\" \/>\n<meta property=\"og:image\" content=\"https:\/\/voicecenterpr.com\/wp-content\/uploads\/2025\/02\/CVT-Opengraph.jpg\" \/>\n\t<meta property=\"og:image:width\" content=\"1200\" \/>\n\t<meta property=\"og:image:height\" content=\"630\" \/>\n\t<meta property=\"og:image:type\" content=\"image\/jpeg\" \/>\n<meta name=\"twitter:card\" content=\"summary_large_image\" \/>\n<meta name=\"twitter:label1\" content=\"Est. reading time\" \/>\n\t<meta name=\"twitter:data1\" content=\"6 minutos\" \/>\n<script type=\"application\/ld+json\" class=\"yoast-schema-graph\">{\"@context\":\"https:\/\/schema.org\",\"@graph\":[{\"@type\":\"WebPage\",\"@id\":\"https:\/\/voicecenterpr.com\/es\/el-centro\/\",\"url\":\"https:\/\/voicecenterpr.com\/es\/el-centro\/\",\"name\":\"Cuidado avanzado para la voz y tragado en Puerto Rico\",\"isPartOf\":{\"@id\":\"https:\/\/voicecenterpr.com\/es\/#website\"},\"datePublished\":\"2024-12-18T17:25:15+00:00\",\"dateModified\":\"2025-02-11T15:10:41+00:00\",\"description\":\"\\\" Centro l\u00edder especializado en rehabilitaci\u00f3n de voz y tragado equipado con expertos en la materia, tecnolog\u00eda avanzada y atenci\u00f3n personalizada\\\"\",\"breadcrumb\":{\"@id\":\"https:\/\/voicecenterpr.com\/es\/el-centro\/#breadcrumb\"},\"inLanguage\":\"es\",\"potentialAction\":[{\"@type\":\"ReadAction\",\"target\":[\"https:\/\/voicecenterpr.com\/es\/el-centro\/\"]}]},{\"@type\":\"BreadcrumbList\",\"@id\":\"https:\/\/voicecenterpr.com\/es\/el-centro\/#breadcrumb\",\"itemListElement\":[{\"@type\":\"ListItem\",\"position\":1,\"name\":\"Home\",\"item\":\"https:\/\/voicecenterpr.com\/es\/\"},{\"@type\":\"ListItem\",\"position\":2,\"name\":\"El Centro\"}]},{\"@type\":\"WebSite\",\"@id\":\"https:\/\/voicecenterpr.com\/es\/#website\",\"url\":\"https:\/\/voicecenterpr.com\/es\/\",\"name\":\"The Voice and Swallowing Center of Puerto Rico\",\"description\":\"\",\"publisher\":{\"@id\":\"https:\/\/voicecenterpr.com\/es\/#organization\"},\"potentialAction\":[{\"@type\":\"SearchAction\",\"target\":{\"@type\":\"EntryPoint\",\"urlTemplate\":\"https:\/\/voicecenterpr.com\/es\/?s={search_term_string}\"},\"query-input\":{\"@type\":\"PropertyValueSpecification\",\"valueRequired\":true,\"valueName\":\"search_term_string\"}}],\"inLanguage\":\"es\"},{\"@type\":\"Organization\",\"@id\":\"https:\/\/voicecenterpr.com\/es\/#organization\",\"name\":\"The Voice and Swallowing Center of Puerto Rico\",\"url\":\"https:\/\/voicecenterpr.com\/es\/\",\"logo\":{\"@type\":\"ImageObject\",\"inLanguage\":\"es\",\"@id\":\"https:\/\/voicecenterpr.com\/es\/#\/schema\/logo\/image\/\",\"url\":\"https:\/\/voicecenterpr.com\/wp-content\/uploads\/2024\/12\/cvtpr-logo-svg.svg\",\"contentUrl\":\"https:\/\/voicecenterpr.com\/wp-content\/uploads\/2024\/12\/cvtpr-logo-svg.svg\",\"caption\":\"The Voice and Swallowing Center of Puerto Rico\"},\"image\":{\"@id\":\"https:\/\/voicecenterpr.com\/es\/#\/schema\/logo\/image\/\"}}]}<\/script>\n<!-- \/ Yoast SEO Premium plugin. -->","yoast_head_json":{"title":"Cuidado avanzado para la voz y tragado en Puerto Rico","description":"\" Centro l\u00edder especializado en rehabilitaci\u00f3n de voz y tragado equipado con expertos en la materia, tecnolog\u00eda avanzada y atenci\u00f3n personalizada\"","robots":{"index":"index","follow":"follow","max-snippet":"max-snippet:-1","max-image-preview":"max-image-preview:large","max-video-preview":"max-video-preview:-1"},"canonical":"https:\/\/voicecenterpr.com\/es\/el-centro\/","og_locale":"es_ES","og_type":"article","og_title":"El Centro","og_description":"\" Centro l\u00edder especializado en rehabilitaci\u00f3n de voz y tragado equipado con expertos en la materia, tecnolog\u00eda avanzada y atenci\u00f3n personalizada\"","og_url":"https:\/\/voicecenterpr.com\/es\/el-centro\/","og_site_name":"The Voice and Swallowing Center of Puerto Rico","article_modified_time":"2025-02-11T15:10:41+00:00","og_image":[{"width":1200,"height":630,"url":"https:\/\/voicecenterpr.com\/wp-content\/uploads\/2025\/02\/CVT-Opengraph.jpg","type":"image\/jpeg"}],"twitter_card":"summary_large_image","twitter_misc":{"Est. reading time":"6 minutos"},"schema":{"@context":"https:\/\/schema.org","@graph":[{"@type":"WebPage","@id":"https:\/\/voicecenterpr.com\/es\/el-centro\/","url":"https:\/\/voicecenterpr.com\/es\/el-centro\/","name":"Cuidado avanzado para la voz y tragado en Puerto Rico","isPartOf":{"@id":"https:\/\/voicecenterpr.com\/es\/#website"},"datePublished":"2024-12-18T17:25:15+00:00","dateModified":"2025-02-11T15:10:41+00:00","description":"\" Centro l\u00edder especializado en rehabilitaci\u00f3n de voz y tragado equipado con expertos en la materia, tecnolog\u00eda avanzada y atenci\u00f3n personalizada\"","breadcrumb":{"@id":"https:\/\/voicecenterpr.com\/es\/el-centro\/#breadcrumb"},"inLanguage":"es","potentialAction":[{"@type":"ReadAction","target":["https:\/\/voicecenterpr.com\/es\/el-centro\/"]}]},{"@type":"BreadcrumbList","@id":"https:\/\/voicecenterpr.com\/es\/el-centro\/#breadcrumb","itemListElement":[{"@type":"ListItem","position":1,"name":"Home","item":"https:\/\/voicecenterpr.com\/es\/"},{"@type":"ListItem","position":2,"name":"El Centro"}]},{"@type":"WebSite","@id":"https:\/\/voicecenterpr.com\/es\/#website","url":"https:\/\/voicecenterpr.com\/es\/","name":"The Voice and Swallowing Center of Puerto Rico","description":"","publisher":{"@id":"https:\/\/voicecenterpr.com\/es\/#organization"},"potentialAction":[{"@type":"SearchAction","target":{"@type":"EntryPoint","urlTemplate":"https:\/\/voicecenterpr.com\/es\/?s={search_term_string}"},"query-input":{"@type":"PropertyValueSpecification","valueRequired":true,"valueName":"search_term_string"}}],"inLanguage":"es"},{"@type":"Organization","@id":"https:\/\/voicecenterpr.com\/es\/#organization","name":"The Voice and Swallowing Center of Puerto Rico","url":"https:\/\/voicecenterpr.com\/es\/","logo":{"@type":"ImageObject","inLanguage":"es","@id":"https:\/\/voicecenterpr.com\/es\/#\/schema\/logo\/image\/","url":"https:\/\/voicecenterpr.com\/wp-content\/uploads\/2024\/12\/cvtpr-logo-svg.svg","contentUrl":"https:\/\/voicecenterpr.com\/wp-content\/uploads\/2024\/12\/cvtpr-logo-svg.svg","caption":"The Voice and Swallowing Center of Puerto Rico"},"image":{"@id":"https:\/\/voicecenterpr.com\/es\/#\/schema\/logo\/image\/"}}]}},"featured_image_src":null,"featured_image_src_square":null,"_links":{"self":[{"href":"https:\/\/voicecenterpr.com\/es\/wp-json\/wp\/v2\/pages\/95","targetHints":{"allow":["GET"]}}],"collection":[{"href":"https:\/\/voicecenterpr.com\/es\/wp-json\/wp\/v2\/pages"}],"about":[{"href":"https:\/\/voicecenterpr.com\/es\/wp-json\/wp\/v2\/types\/page"}],"author":[{"embeddable":true,"href":"https:\/\/voicecenterpr.com\/es\/wp-json\/wp\/v2\/users\/1"}],"replies":[{"embeddable":true,"href":"https:\/\/voicecenterpr.com\/es\/wp-json\/wp\/v2\/comments?post=95"}],"version-history":[{"count":0,"href":"https:\/\/voicecenterpr.com\/es\/wp-json\/wp\/v2\/pages\/95\/revisions"}],"wp:attachment":[{"href":"https:\/\/voicecenterpr.com\/es\/wp-json\/wp\/v2\/media?parent=95"}],"curies":[{"name":"wp","href":"https:\/\/api.w.org\/{rel}","templated":true}]}}