{"id":239,"date":"2024-12-19T10:29:07","date_gmt":"2024-12-19T14:29:07","guid":{"rendered":"https:\/\/voicecenterpr.com\/?page_id=239"},"modified":"2025-08-20T09:20:53","modified_gmt":"2025-08-20T13:20:53","slug":"preguntas-frecuentes","status":"publish","type":"page","link":"https:\/\/voicecenterpr.com\/es\/preguntas-frecuentes\/","title":{"rendered":"Preguntas Frecuentes"},"content":{"rendered":"<div class=\"wpb-content-wrapper\"><p>[vc_section full_width=\u00bbstretch_row\u00bb css=\u00bb.vc_custom_1735299292166{background: #FFFFFF url(https:\/\/voicecenterpr.com\/wp-content\/uploads\/2024\/12\/medical-bg-svg-1.svg?id=242) !important;background-position: center !important;background-repeat: no-repeat !important;background-size: cover !important;}\u00bb el_class=\u00bbfixed-bg\u00bb][vc_row full_width=\u00bbstretch_row\u00bb][vc_column][vc_column_text css=\u00bb\u00bb]<\/p>\n<h2>Preguntas Frecuentes<\/h2>\n<p>[\/vc_column_text][\/vc_column][\/vc_row][vc_row full_width=\u00bbstretch_row\u00bb][vc_column][vc_tta_accordion c_icon=\u00bbchevron\u00bb c_position=\u00bbright\u00bb active_section=\u00bb1&#8243; el_class=\u00bbfaq-accordeon\u00bb][vc_tta_section title=\u00bb\u00bfQu\u00e9 hago si pierdo la voz mientras estoy hablando o cantando?\u00bb tab_id=\u00bbque-hago\u00bb][vc_column_text css=\u00bb\u00bb]Si pierdes la voz mientras est\u00e1s hablando o cantando, deja de usar tu voz inmediatamente y cont\u00e1ctanos a la brevedad posible al 787-426-2554 o completa el <a href=\"https:\/\/voicecenterpr.com\/es\/contactanos\/\">formulario de consultas<\/a> bajo \u201cUrgencia\u201d.<\/p>\n<ul>\n<li aria-level=\"1\">No hables ni cantes<\/li>\n<li aria-level=\"1\">Evita hacer g\u00e1rgaras de cualquier tipo<\/li>\n<li aria-level=\"1\">Evita los alimentos irritantes<\/li>\n<\/ul>\n<p>[\/vc_column_text][\/vc_tta_section][vc_tta_section title=\u00bb\u00bfCu\u00e1les son los beneficios de la Cirug\u00eda Rob\u00f3tica Transoral?\u00bb tab_id=\u00bbbeneficios\u00bb][vc_column_text css=\u00bb\u00bb]La cirug\u00eda rob\u00f3tica transoral ofrece m\u00faltiples beneficios para los pacientes, incluyendo una recuperaci\u00f3n m\u00e1s r\u00e1pida, menor dolor, y un retorno temprano a la alimentaci\u00f3n tras la cirug\u00eda. Adem\u00e1s, reduce la estancia hospitalaria a 1-2 d\u00edas en comparaci\u00f3n con los 7-15 d\u00edas de la cirug\u00eda abierta, y disminuye las complicaciones relacionadas con el habla y tragado. En algunos casos, tambi\u00e9n reduce la necesidad de tratamientos adicionales como quimioterapia y radiaci\u00f3n, as\u00ed como los costos hospitalarios asociados.[\/vc_column_text][\/vc_tta_section][vc_tta_section title=\u00bb\u00bfQu\u00e9 es la disfagia?\u00bb tab_id=\u00bbdisfagia\u00bb][vc_column_text css=\u00bb\u00bb]La disfagia o dificultad para tragar, es un problema que afecta aproximadamente a 1 de cada 25 adultos en los Estados Unidos cada a\u00f1o, impactando a millones de personas. Puede ser causada por condiciones como enfermedad por reflujo gastroesof\u00e1gico, accidentes cerebrovasculares, problemas neurol\u00f3gicos o c\u00e1ncer de cabeza y cuello. Esta condici\u00f3n puede interferir en la nutrici\u00f3n, hidrataci\u00f3n y calidad de vida, por lo que es crucial diagnosticarla y tratarla adecuadamente para prevenir complicaciones m\u00e1s serias.[\/vc_column_text][\/vc_tta_section][vc_tta_section title=\u00bb\u00bfPuedo hacer una consulta aunque est\u00e9 fuera de Puerto Rico?\u00bb tab_id=\u00bbconsulta\u00bb][vc_column_text css=\u00bb\u00bb]S\u00ed, puedes hacer una consulta aunque est\u00e9s fuera de Puerto Rico. Estamos localizados en el \u00fanico territorio en el Caribe con hospitales acreditados bajo los est\u00e1ndares de los EE. UU. y m\u00e9dicos de subespecialidades completamente entrenados en los Estados Unidos. Adem\u00e1s, ofrecemos opciones de telemedicina y consultas remotas internacionales, lo que te permite acceder a nuestros servicios de alta calidad sin importar tu ubicaci\u00f3n.[\/vc_column_text][\/vc_tta_section][vc_tta_section title=\u00bbComplicaciones de las Cirug\u00edas de Par\u00f3tida y Gl\u00e1ndula Salival\u00bb tab_id=\u00bbcomplicaciones-de-las-cirugias-de-parotida-y-glandula-salival\u00bb][vc_column_text css=\u00bb\u00bb]Las cirug\u00edas de las gl\u00e1ndulas salivares, como la par\u00f3tida y la submandibular, requieren precisi\u00f3n para evitar da\u00f1os en estructuras cercanas, como el nervio facial. Aunque los riesgos son bajos, pueden incluir par\u00e1lisis temporal, cambios en la sensibilidad y cicatrices visibles. En nuestro centro, utilizamos tecnolog\u00eda avanzada para minimizar complicaciones y lograr los mejores resultados para cada paciente.[\/vc_column_text][vc_column_text css=\u00bb\u00bb]<\/p>\n<div style=\"width: 1920px;\" class=\"wp-video\"><video class=\"wp-video-shortcode\" id=\"video-239-1\" width=\"1920\" height=\"1080\" preload=\"auto\" controls=\"controls\"><source type=\"video\/mp4\" src=\"\/wp-content\/uploads\/2025\/08\/CVT-Complicaciones-Cirugias-De-Parotida-y-Glandula-Salivar.mp4?_=1\" \/><a href=\"\/wp-content\/uploads\/2025\/08\/CVT-Complicaciones-Cirugias-De-Parotida-y-Glandula-Salivar.mp4\">\/wp-content\/uploads\/2025\/08\/CVT-Complicaciones-Cirugias-De-Parotida-y-Glandula-Salivar.mp4<\/a><\/video><\/div>\n<p>[\/vc_column_text][\/vc_tta_section][vc_tta_section title=\u00bbComplicaciones de la Cirug\u00eda de Cabeza y Cuello\u00bb tab_id=\u00bbcomplicaciones-de-la-cirugia-de-cabeza-y-cuello\u00bb][vc_column_text css=\u00bb\u00bb]Las cirug\u00edas de cabeza y cuello son procedimientos complejos que pueden afectar funciones esenciales como el habla y la degluci\u00f3n. Entre los riesgos est\u00e1n el sangrado, da\u00f1os en nervios clave y cambios en la apariencia. En nuestro centro, nos enfocamos en minimizar complicaciones y brindar el mejor cuidado para una recuperaci\u00f3n \u00f3ptima.[\/vc_column_text][vc_column_text css=\u00bb\u00bb]<\/p>\n<div style=\"width: 1920px;\" class=\"wp-video\"><video class=\"wp-video-shortcode\" id=\"video-239-2\" width=\"1920\" height=\"1080\" preload=\"auto\" controls=\"controls\"><source type=\"video\/mp4\" src=\"\/wp-content\/uploads\/2025\/04\/7.-Complicaciones-Cirugia-De-Cabeza-Y-Cuello-Rev-1.mp4?_=2\" \/><a href=\"\/wp-content\/uploads\/2025\/04\/7.-Complicaciones-Cirugia-De-Cabeza-Y-Cuello-Rev-1.mp4\">\/wp-content\/uploads\/2025\/04\/7.-Complicaciones-Cirugia-De-Cabeza-Y-Cuello-Rev-1.mp4<\/a><\/video><\/div>\n<p>[\/vc_column_text][\/vc_tta_section][vc_tta_section title=\u00bbComplicaciones de la Cirug\u00eda de Cuerdas Vocales\u00bb tab_id=\u00bbcomplicaciones-de-la-cirugia-de-cuerdas-vocales\u00bb][vc_column_text css=\u00bb\u00bb]Los procedimientos endosc\u00f3picos en cuerdas vocales, garganta y tr\u00e1quea pueden afectar la voz, la degluci\u00f3n y la respiraci\u00f3n. Entre los riesgos est\u00e1n la ronquera permanente, dificultad para tragar y, en casos raros, obstrucci\u00f3n de la v\u00eda a\u00e9rea. Nuestro equipo trabaja para minimizar complicaciones y garantizar una recuperaci\u00f3n segura.[\/vc_column_text][vc_column_text css=\u00bb\u00bb]<\/p>\n<div style=\"width: 1920px;\" class=\"wp-video\"><video class=\"wp-video-shortcode\" id=\"video-239-3\" width=\"1920\" height=\"1080\" preload=\"auto\" controls=\"controls\"><source type=\"video\/mp4\" src=\"\/wp-content\/uploads\/2025\/04\/8-Complicaciones-Cirugia-De-Cuerda-Vocal-1.mp4?_=3\" \/><a href=\"\/wp-content\/uploads\/2025\/04\/8-Complicaciones-Cirugia-De-Cuerda-Vocal-1.mp4\">\/wp-content\/uploads\/2025\/04\/8-Complicaciones-Cirugia-De-Cuerda-Vocal-1.mp4<\/a><\/video><\/div>\n<p>[\/vc_column_text][\/vc_tta_section][vc_tta_section title=\u00bbComplicaciones de la Cirug\u00eda de Tiroides y Paratiroides\u00bb tab_id=\u00bbcomplicaciones-de-la-cirugia-de-tiroides-y-paratiroides\u00bb][vc_column_text css=\u00bb\u00bb]Las cirug\u00edas de tiroides y paratiroides requieren gran precisi\u00f3n debido a la cercan\u00eda de nervios y vasos sangu\u00edneos en el cuello. Entre los riesgos est\u00e1n el da\u00f1o a los nervios que controlan la voz, niveles bajos de calcio y, en casos raros, sangrado significativo. Nuestro equipo toma todas las medidas para minimizar estas complicaciones y garantizar la seguridad del paciente.[\/vc_column_text][vc_column_text css=\u00bb\u00bb]<\/p>\n<div style=\"width: 1920px;\" class=\"wp-video\"><video class=\"wp-video-shortcode\" id=\"video-239-4\" width=\"1920\" height=\"1080\" preload=\"auto\" controls=\"controls\"><source type=\"video\/mp4\" src=\"\/wp-content\/uploads\/2025\/04\/9-Complicaciones-De-Cirugia-De-Tiroides-Y-Paratiroides-1.mp4?_=4\" \/><a href=\"\/wp-content\/uploads\/2025\/04\/9-Complicaciones-De-Cirugia-De-Tiroides-Y-Paratiroides-1.mp4\">\/wp-content\/uploads\/2025\/04\/9-Complicaciones-De-Cirugia-De-Tiroides-Y-Paratiroides-1.mp4<\/a><\/video><\/div>\n<p>[\/vc_column_text][\/vc_tta_section][\/vc_tta_accordion][\/vc_column][\/vc_row][vc_row][vc_column][vc_column_text css=\u00bb\u00bb el_class=\u00bbbutton-01&#8243;]<\/p>\n<p style=\"text-align: center;\"><a href=\"https:\/\/voicecenterpr.com\/es\/contactanos\/\">Haz tu consulta<\/a><\/p>\n<p>[\/vc_column_text][\/vc_column][\/vc_row][\/vc_section]<\/p>\n<\/div>","protected":false},"excerpt":{"rendered":"<p>[vc_section full_width=\u00bbstretch_row\u00bb css=\u00bb.vc_custom_1735299292166{background: #FFFFFF url(https:\/\/voicecenterpr.com\/wp-content\/uploads\/2024\/12\/medical-bg-svg-1.svg?id=242) !important;background-position: center !important;background-repeat: no-repeat !important;background-size: cover !important;}\u00bb el_class=\u00bbfixed-bg\u00bb][vc_row full_width=\u00bbstretch_row\u00bb][vc_column][vc_column_text css=\u00bb\u00bb] Preguntas Frecuentes [\/vc_column_text][\/vc_column][\/vc_row][vc_row full_width=\u00bbstretch_row\u00bb][vc_column][vc_tta_accordion c_icon=\u00bbchevron\u00bb [&hellip;]<\/p>\n","protected":false},"author":4,"featured_media":0,"parent":0,"menu_order":0,"comment_status":"closed","ping_status":"closed","template":"","meta":{"_acf_changed":false,"inline_featured_image":false,"site-sidebar-layout":"no-sidebar","site-content-layout":"plain-container","ast-site-content-layout":"default","site-content-style":"default","site-sidebar-style":"default","ast-global-header-display":"","ast-banner-title-visibility":"","ast-main-header-display":"","ast-hfb-above-header-display":"","ast-hfb-below-header-display":"","ast-hfb-mobile-header-display":"","site-post-title":"disabled","ast-breadcrumbs-content":"","ast-featured-img":"disabled","footer-sml-layout":"","theme-transparent-header-meta":"default","adv-header-id-meta":"","stick-header-meta":"default","header-above-stick-meta":"","header-main-stick-meta":"","header-below-stick-meta":"","astra-migrate-meta-layouts":"set","ast-page-background-enabled":"default","ast-page-background-meta":{"desktop":{"background-color":"var(--ast-global-color-4)","background-image":"","background-repeat":"repeat","background-position":"center center","background-size":"auto","background-attachment":"scroll","background-type":"","background-media":"","overlay-type":"","overlay-color":"","overlay-opacity":"","overlay-gradient":""},"tablet":{"background-color":"","background-image":"","background-repeat":"repeat","background-position":"center center","background-size":"auto","background-attachment":"scroll","background-type":"","background-media":"","overlay-type":"","overlay-color":"","overlay-opacity":"","overlay-gradient":""},"mobile":{"background-color":"","background-image":"","background-repeat":"repeat","background-position":"center center","background-size":"auto","background-attachment":"scroll","background-type":"","background-media":"","overlay-type":"","overlay-color":"","overlay-opacity":"","overlay-gradient":""}},"ast-content-background-meta":{"desktop":{"background-color":"var(--ast-global-color-5)","background-image":"","background-repeat":"repeat","background-position":"center center","background-size":"auto","background-attachment":"scroll","background-type":"","background-media":"","overlay-type":"","overlay-color":"","overlay-opacity":"","overlay-gradient":""},"tablet":{"background-color":"var(--ast-global-color-5)","background-image":"","background-repeat":"repeat","background-position":"center center","background-size":"auto","background-attachment":"scroll","background-type":"","background-media":"","overlay-type":"","overlay-color":"","overlay-opacity":"","overlay-gradient":""},"mobile":{"background-color":"var(--ast-global-color-5)","background-image":"","background-repeat":"repeat","background-position":"center center","background-size":"auto","background-attachment":"scroll","background-type":"","background-media":"","overlay-type":"","overlay-color":"","overlay-opacity":"","overlay-gradient":""}},"footnotes":""},"class_list":["post-239","page","type-page","status-publish","hentry"],"acf":[],"yoast_head":"<!-- This site is optimized with the Yoast SEO Premium plugin v24.4 (Yoast SEO v25.3) - https:\/\/yoast.com\/wordpress\/plugins\/seo\/ -->\n<title>Preguntas frecuentes e informaci\u00f3n sobre pagos<\/title>\n<meta name=\"robots\" content=\"index, follow, max-snippet:-1, max-image-preview:large, max-video-preview:-1\" \/>\n<link rel=\"canonical\" href=\"https:\/\/voicecenterpr.com\/es\/preguntas-frecuentes\/\" \/>\n<meta property=\"og:locale\" content=\"es_ES\" \/>\n<meta property=\"og:type\" content=\"article\" \/>\n<meta property=\"og:title\" content=\"Preguntas Frecuentes\" \/>\n<meta property=\"og:description\" content=\"[vc_section full_width=\u00bbstretch_row\u00bb css=\u00bb.vc_custom_1735299292166{background: #FFFFFF url(https:\/\/voicecenterpr.com\/wp-content\/uploads\/2024\/12\/medical-bg-svg-1.svg?id=242) !important;background-position: center !important;background-repeat: no-repeat !important;background-size: cover !important;}\u00bb el_class=\u00bbfixed-bg\u00bb][vc_row full_width=\u00bbstretch_row\u00bb][vc_column][vc_column_text css=\u00bb\u00bb] Preguntas Frecuentes [\/vc_column_text][\/vc_column][\/vc_row][vc_row full_width=\u00bbstretch_row\u00bb][vc_column][vc_tta_accordion c_icon=\u00bbchevron\u00bb [&hellip;]\" \/>\n<meta property=\"og:url\" content=\"https:\/\/voicecenterpr.com\/es\/preguntas-frecuentes\/\" \/>\n<meta property=\"og:site_name\" content=\"The Voice and Swallowing Center of Puerto Rico\" \/>\n<meta property=\"article:modified_time\" content=\"2025-08-20T13:20:53+00:00\" \/>\n<meta property=\"og:image\" content=\"https:\/\/voicecenterpr.com\/wp-content\/uploads\/2025\/02\/CVT-Opengraph.jpg\" \/>\n\t<meta property=\"og:image:width\" content=\"1200\" \/>\n\t<meta property=\"og:image:height\" content=\"630\" \/>\n\t<meta property=\"og:image:type\" content=\"image\/jpeg\" \/>\n<meta name=\"twitter:card\" content=\"summary_large_image\" \/>\n<meta name=\"twitter:label1\" content=\"Est. reading time\" \/>\n\t<meta name=\"twitter:data1\" content=\"3 minutos\" \/>\n<script type=\"application\/ld+json\" class=\"yoast-schema-graph\">{\"@context\":\"https:\/\/schema.org\",\"@graph\":[{\"@type\":\"WebPage\",\"@id\":\"https:\/\/voicecenterpr.com\/es\/preguntas-frecuentes\/\",\"url\":\"https:\/\/voicecenterpr.com\/es\/preguntas-frecuentes\/\",\"name\":\"Preguntas frecuentes e informaci\u00f3n sobre pagos\",\"isPartOf\":{\"@id\":\"https:\/\/voicecenterpr.com\/es\/#website\"},\"datePublished\":\"2024-12-19T14:29:07+00:00\",\"dateModified\":\"2025-08-20T13:20:53+00:00\",\"breadcrumb\":{\"@id\":\"https:\/\/voicecenterpr.com\/es\/preguntas-frecuentes\/#breadcrumb\"},\"inLanguage\":\"es\",\"potentialAction\":[{\"@type\":\"ReadAction\",\"target\":[\"https:\/\/voicecenterpr.com\/es\/preguntas-frecuentes\/\"]}]},{\"@type\":\"BreadcrumbList\",\"@id\":\"https:\/\/voicecenterpr.com\/es\/preguntas-frecuentes\/#breadcrumb\",\"itemListElement\":[{\"@type\":\"ListItem\",\"position\":1,\"name\":\"Home\",\"item\":\"https:\/\/voicecenterpr.com\/es\/\"},{\"@type\":\"ListItem\",\"position\":2,\"name\":\"Preguntas Frecuentes\"}]},{\"@type\":\"WebSite\",\"@id\":\"https:\/\/voicecenterpr.com\/es\/#website\",\"url\":\"https:\/\/voicecenterpr.com\/es\/\",\"name\":\"The Voice and Swallowing Center of Puerto Rico\",\"description\":\"\",\"publisher\":{\"@id\":\"https:\/\/voicecenterpr.com\/es\/#organization\"},\"potentialAction\":[{\"@type\":\"SearchAction\",\"target\":{\"@type\":\"EntryPoint\",\"urlTemplate\":\"https:\/\/voicecenterpr.com\/es\/?s={search_term_string}\"},\"query-input\":{\"@type\":\"PropertyValueSpecification\",\"valueRequired\":true,\"valueName\":\"search_term_string\"}}],\"inLanguage\":\"es\"},{\"@type\":\"Organization\",\"@id\":\"https:\/\/voicecenterpr.com\/es\/#organization\",\"name\":\"The Voice and Swallowing Center of Puerto Rico\",\"url\":\"https:\/\/voicecenterpr.com\/es\/\",\"logo\":{\"@type\":\"ImageObject\",\"inLanguage\":\"es\",\"@id\":\"https:\/\/voicecenterpr.com\/es\/#\/schema\/logo\/image\/\",\"url\":\"https:\/\/voicecenterpr.com\/wp-content\/uploads\/2024\/12\/cvtpr-logo-svg.svg\",\"contentUrl\":\"https:\/\/voicecenterpr.com\/wp-content\/uploads\/2024\/12\/cvtpr-logo-svg.svg\",\"caption\":\"The Voice and Swallowing Center of Puerto Rico\"},\"image\":{\"@id\":\"https:\/\/voicecenterpr.com\/es\/#\/schema\/logo\/image\/\"}}]}<\/script>\n<!-- \/ Yoast SEO Premium plugin. -->","yoast_head_json":{"title":"Preguntas frecuentes e informaci\u00f3n sobre pagos","robots":{"index":"index","follow":"follow","max-snippet":"max-snippet:-1","max-image-preview":"max-image-preview:large","max-video-preview":"max-video-preview:-1"},"canonical":"https:\/\/voicecenterpr.com\/es\/preguntas-frecuentes\/","og_locale":"es_ES","og_type":"article","og_title":"Preguntas Frecuentes","og_description":"[vc_section full_width=\u00bbstretch_row\u00bb css=\u00bb.vc_custom_1735299292166{background: #FFFFFF url(https:\/\/voicecenterpr.com\/wp-content\/uploads\/2024\/12\/medical-bg-svg-1.svg?id=242) !important;background-position: center !important;background-repeat: no-repeat !important;background-size: cover !important;}\u00bb el_class=\u00bbfixed-bg\u00bb][vc_row full_width=\u00bbstretch_row\u00bb][vc_column][vc_column_text css=\u00bb\u00bb] Preguntas Frecuentes [\/vc_column_text][\/vc_column][\/vc_row][vc_row full_width=\u00bbstretch_row\u00bb][vc_column][vc_tta_accordion c_icon=\u00bbchevron\u00bb [&hellip;]","og_url":"https:\/\/voicecenterpr.com\/es\/preguntas-frecuentes\/","og_site_name":"The Voice and Swallowing Center of Puerto Rico","article_modified_time":"2025-08-20T13:20:53+00:00","og_image":[{"width":1200,"height":630,"url":"https:\/\/voicecenterpr.com\/wp-content\/uploads\/2025\/02\/CVT-Opengraph.jpg","type":"image\/jpeg"}],"twitter_card":"summary_large_image","twitter_misc":{"Est. reading time":"3 minutos"},"schema":{"@context":"https:\/\/schema.org","@graph":[{"@type":"WebPage","@id":"https:\/\/voicecenterpr.com\/es\/preguntas-frecuentes\/","url":"https:\/\/voicecenterpr.com\/es\/preguntas-frecuentes\/","name":"Preguntas frecuentes e informaci\u00f3n sobre pagos","isPartOf":{"@id":"https:\/\/voicecenterpr.com\/es\/#website"},"datePublished":"2024-12-19T14:29:07+00:00","dateModified":"2025-08-20T13:20:53+00:00","breadcrumb":{"@id":"https:\/\/voicecenterpr.com\/es\/preguntas-frecuentes\/#breadcrumb"},"inLanguage":"es","potentialAction":[{"@type":"ReadAction","target":["https:\/\/voicecenterpr.com\/es\/preguntas-frecuentes\/"]}]},{"@type":"BreadcrumbList","@id":"https:\/\/voicecenterpr.com\/es\/preguntas-frecuentes\/#breadcrumb","itemListElement":[{"@type":"ListItem","position":1,"name":"Home","item":"https:\/\/voicecenterpr.com\/es\/"},{"@type":"ListItem","position":2,"name":"Preguntas Frecuentes"}]},{"@type":"WebSite","@id":"https:\/\/voicecenterpr.com\/es\/#website","url":"https:\/\/voicecenterpr.com\/es\/","name":"The Voice and Swallowing Center of Puerto Rico","description":"","publisher":{"@id":"https:\/\/voicecenterpr.com\/es\/#organization"},"potentialAction":[{"@type":"SearchAction","target":{"@type":"EntryPoint","urlTemplate":"https:\/\/voicecenterpr.com\/es\/?s={search_term_string}"},"query-input":{"@type":"PropertyValueSpecification","valueRequired":true,"valueName":"search_term_string"}}],"inLanguage":"es"},{"@type":"Organization","@id":"https:\/\/voicecenterpr.com\/es\/#organization","name":"The Voice and Swallowing Center of Puerto Rico","url":"https:\/\/voicecenterpr.com\/es\/","logo":{"@type":"ImageObject","inLanguage":"es","@id":"https:\/\/voicecenterpr.com\/es\/#\/schema\/logo\/image\/","url":"https:\/\/voicecenterpr.com\/wp-content\/uploads\/2024\/12\/cvtpr-logo-svg.svg","contentUrl":"https:\/\/voicecenterpr.com\/wp-content\/uploads\/2024\/12\/cvtpr-logo-svg.svg","caption":"The Voice and Swallowing Center of Puerto Rico"},"image":{"@id":"https:\/\/voicecenterpr.com\/es\/#\/schema\/logo\/image\/"}}]}},"featured_image_src":null,"featured_image_src_square":null,"_links":{"self":[{"href":"https:\/\/voicecenterpr.com\/es\/wp-json\/wp\/v2\/pages\/239","targetHints":{"allow":["GET"]}}],"collection":[{"href":"https:\/\/voicecenterpr.com\/es\/wp-json\/wp\/v2\/pages"}],"about":[{"href":"https:\/\/voicecenterpr.com\/es\/wp-json\/wp\/v2\/types\/page"}],"author":[{"embeddable":true,"href":"https:\/\/voicecenterpr.com\/es\/wp-json\/wp\/v2\/users\/4"}],"replies":[{"embeddable":true,"href":"https:\/\/voicecenterpr.com\/es\/wp-json\/wp\/v2\/comments?post=239"}],"version-history":[{"count":0,"href":"https:\/\/voicecenterpr.com\/es\/wp-json\/wp\/v2\/pages\/239\/revisions"}],"wp:attachment":[{"href":"https:\/\/voicecenterpr.com\/es\/wp-json\/wp\/v2\/media?parent=239"}],"curies":[{"name":"wp","href":"https:\/\/api.w.org\/{rel}","templated":true}]}}